{"id":218,"date":"2025-05-07T21:12:56","date_gmt":"2025-05-07T21:12:56","guid":{"rendered":"https:\/\/homologacao.jalaspa.com.br\/?post_type=product&#038;p=218"},"modified":"2025-08-20T23:42:04","modified_gmt":"2025-08-20T23:42:04","slug":"lomi-lomi","status":"publish","type":"product","link":"https:\/\/homologacao.jalaspa.com.br\/index.php\/produto\/lomi-lomi\/","title":{"rendered":"Lomi Lomi"},"content":{"rendered":"<p>A Lomi Lomi \u00e9 uma massagem havaiana tradicional, reconhecida pela fluidez dos movimentos realizados com m\u00e3os, antebra\u00e7os e cotovelos, que reproduzem o ritmo das ondas do mar. <\/p>\n<p>No JALA SPA, essa t\u00e9cnica combina toques leves a press\u00f5es mais firmes, alcan\u00e7ando desde a superf\u00edcie at\u00e9 as camadas mais profundas da musculatura, proporcionando relaxamento intenso e libera\u00e7\u00e3o de tens\u00f5es acumuladas. <\/p>\n<p>\u00c9 uma escolha ideal para quem j\u00e1 tem experi\u00eancia com massagens e deseja vivenciar uma t\u00e9cnica diferente, capaz de equilibrar corpo e mente ao mesmo tempo. <\/p>\n<p>Al\u00e9m de aliviar dores e melhorar a circula\u00e7\u00e3o, promove uma sensa\u00e7\u00e3o de bem-estar prolongada. <\/p>\n<p>Agende sua sess\u00e3o e descubra uma nova forma de cuidado e renova\u00e7\u00e3o.<\/p>\n","protected":false},"excerpt":{"rendered":"<p>Massagem havaiana, na qual o terapeuta utiliza m\u00e3os, antebra\u00e7os e cotovelos em movimentos r\u00edtmicos, relaxantes e cont\u00ednuos que copiam ondas do mar\u00a0????\u00a0(Linhagem de Margaret Machado)<\/p>\n","protected":false},"featured_media":221,"comment_status":"open","ping_status":"closed","template":"","meta":[],"product_brand":[],"product_cat":[21],"product_tag":[],"class_list":{"0":"post-218","1":"product","2":"type-product","3":"status-publish","4":"has-post-thumbnail","6":"product_cat-todos","8":"first","9":"instock","10":"taxable","11":"shipping-taxable","12":"purchasable","13":"product-type-variable"},"_links":{"self":[{"href":"https:\/\/homologacao.jalaspa.com.br\/index.php\/wp-json\/wp\/v2\/product\/218","targetHints":{"allow":["GET"]}}],"collection":[{"href":"https:\/\/homologacao.jalaspa.com.br\/index.php\/wp-json\/wp\/v2\/product"}],"about":[{"href":"https:\/\/homologacao.jalaspa.com.br\/index.php\/wp-json\/wp\/v2\/types\/product"}],"replies":[{"embeddable":true,"href":"https:\/\/homologacao.jalaspa.com.br\/index.php\/wp-json\/wp\/v2\/comments?post=218"}],"wp:featuredmedia":[{"embeddable":true,"href":"https:\/\/homologacao.jalaspa.com.br\/index.php\/wp-json\/wp\/v2\/media\/221"}],"wp:attachment":[{"href":"https:\/\/homologacao.jalaspa.com.br\/index.php\/wp-json\/wp\/v2\/media?parent=218"}],"wp:term":[{"taxonomy":"product_brand","embeddable":true,"href":"https:\/\/homologacao.jalaspa.com.br\/index.php\/wp-json\/wp\/v2\/product_brand?post=218"},{"taxonomy":"product_cat","embeddable":true,"href":"https:\/\/homologacao.jalaspa.com.br\/index.php\/wp-json\/wp\/v2\/product_cat?post=218"},{"taxonomy":"product_tag","embeddable":true,"href":"https:\/\/homologacao.jalaspa.com.br\/index.php\/wp-json\/wp\/v2\/product_tag?post=218"}],"curies":[{"name":"wp","href":"https:\/\/api.w.org\/{rel}","templated":true}]}}