{"id":315,"date":"2025-05-08T15:30:16","date_gmt":"2025-05-08T15:30:16","guid":{"rendered":"https:\/\/homologacao.jalaspa.com.br\/?post_type=product&#038;p=315"},"modified":"2025-08-21T00:01:32","modified_gmt":"2025-08-21T00:01:32","slug":"massagem-podal","status":"publish","type":"product","link":"https:\/\/homologacao.jalaspa.com.br\/index.php\/produto\/massagem-podal\/","title":{"rendered":"Massagem Podal"},"content":{"rendered":"<p>A Massagem Podal \u00e9 focada nos p\u00e9s, mas seus benef\u00edcios v\u00e3o muito al\u00e9m dessa regi\u00e3o. <\/p>\n<p>Por meio de manobras espec\u00edficas, estimula pontos reflexos que ajudam a melhorar a circula\u00e7\u00e3o sangu\u00ednea, aliviar dores, reduzir inflama\u00e7\u00f5es e liberar a tens\u00e3o muscular acumulada. <\/p>\n<p>Al\u00e9m disso, promove um relaxamento profundo que impacta positivamente todo o corpo, diminuindo o estresse e trazendo bem-estar geral. Com <strong>20 minutos<\/strong><strong> de dura\u00e7\u00e3o, \u00e9 uma \u00f3tima op\u00e7\u00e3o para quem busca um cuidado r\u00e1pido, mas altamente eficaz.<\/p>\n<p>Agende sua sess\u00e3o e sinta seus p\u00e9s, e todo o seu corpo, mais leves e revigorados.<\/p>\n","protected":false},"excerpt":{"rendered":"<p><b>Dura\u00e7\u00e3o: 20min\u00a0<\/b><\/p>\n","protected":false},"featured_media":345,"comment_status":"closed","ping_status":"closed","template":"","meta":[],"product_brand":[],"product_cat":[21,38],"product_tag":[39,40,41],"class_list":{"0":"post-315","1":"product","2":"type-product","3":"status-publish","4":"has-post-thumbnail","6":"product_cat-todos","7":"product_cat-servicos-rapidos-2","8":"product_tag-jala","9":"product_tag-massagem","10":"product_tag-rapido","12":"first","13":"instock","14":"virtual","15":"taxable","16":"purchasable","17":"product-type-simple"},"_links":{"self":[{"href":"https:\/\/homologacao.jalaspa.com.br\/index.php\/wp-json\/wp\/v2\/product\/315","targetHints":{"allow":["GET"]}}],"collection":[{"href":"https:\/\/homologacao.jalaspa.com.br\/index.php\/wp-json\/wp\/v2\/product"}],"about":[{"href":"https:\/\/homologacao.jalaspa.com.br\/index.php\/wp-json\/wp\/v2\/types\/product"}],"replies":[{"embeddable":true,"href":"https:\/\/homologacao.jalaspa.com.br\/index.php\/wp-json\/wp\/v2\/comments?post=315"}],"wp:featuredmedia":[{"embeddable":true,"href":"https:\/\/homologacao.jalaspa.com.br\/index.php\/wp-json\/wp\/v2\/media\/345"}],"wp:attachment":[{"href":"https:\/\/homologacao.jalaspa.com.br\/index.php\/wp-json\/wp\/v2\/media?parent=315"}],"wp:term":[{"taxonomy":"product_brand","embeddable":true,"href":"https:\/\/homologacao.jalaspa.com.br\/index.php\/wp-json\/wp\/v2\/product_brand?post=315"},{"taxonomy":"product_cat","embeddable":true,"href":"https:\/\/homologacao.jalaspa.com.br\/index.php\/wp-json\/wp\/v2\/product_cat?post=315"},{"taxonomy":"product_tag","embeddable":true,"href":"https:\/\/homologacao.jalaspa.com.br\/index.php\/wp-json\/wp\/v2\/product_tag?post=315"}],"curies":[{"name":"wp","href":"https:\/\/api.w.org\/{rel}","templated":true}]}}