{"id":316,"date":"2025-05-08T15:30:16","date_gmt":"2025-05-08T15:30:16","guid":{"rendered":"https:\/\/homologacao.jalaspa.com.br\/?post_type=product&#038;p=316"},"modified":"2025-08-21T00:04:03","modified_gmt":"2025-08-21T00:04:03","slug":"reflexologia-podal","status":"publish","type":"product","link":"https:\/\/homologacao.jalaspa.com.br\/index.php\/produto\/reflexologia-podal\/","title":{"rendered":"Reflexologia Podal"},"content":{"rendered":"<p>A Reflexologia Podal \u00e9 uma t\u00e9cnica terap\u00eautica que utiliza a aplica\u00e7\u00e3o de press\u00e3o em pontos espec\u00edficos dos p\u00e9s, conectados a diferentes \u00f3rg\u00e3os e sistemas do corpo. <\/p>\n<p>Ao estimular essas \u00e1reas, \u00e9 poss\u00edvel ativar o sistema nervoso, melhorar a circula\u00e7\u00e3o, promover equil\u00edbrio energ\u00e9tico e auxiliar na recupera\u00e7\u00e3o de diversas condi\u00e7\u00f5es f\u00edsicas e emocionais. <\/p>\n<p>Com <strong>30 minutos<\/strong><strong> de dura\u00e7\u00e3o, \u00e9 um tratamento relaxante e ao mesmo tempo revigorante, indicado tanto para al\u00edvio de tens\u00f5es quanto para manuten\u00e7\u00e3o da sa\u00fade de forma natural.<\/p>\n<p>Agende sua sess\u00e3o e sinta o reflexo do cuidado nos p\u00e9s em todo o seu corpo.<\/p>\n","protected":false},"excerpt":{"rendered":"<p><b>Dura\u00e7\u00e3o: 30min<\/b><\/p>\n","protected":false},"featured_media":346,"comment_status":"closed","ping_status":"closed","template":"","meta":[],"product_brand":[],"product_cat":[21,38],"product_tag":[39,41],"class_list":{"0":"post-316","1":"product","2":"type-product","3":"status-publish","4":"has-post-thumbnail","6":"product_cat-todos","7":"product_cat-servicos-rapidos-2","8":"product_tag-jala","9":"product_tag-rapido","11":"first","12":"instock","13":"virtual","14":"taxable","15":"purchasable","16":"product-type-simple"},"_links":{"self":[{"href":"https:\/\/homologacao.jalaspa.com.br\/index.php\/wp-json\/wp\/v2\/product\/316","targetHints":{"allow":["GET"]}}],"collection":[{"href":"https:\/\/homologacao.jalaspa.com.br\/index.php\/wp-json\/wp\/v2\/product"}],"about":[{"href":"https:\/\/homologacao.jalaspa.com.br\/index.php\/wp-json\/wp\/v2\/types\/product"}],"replies":[{"embeddable":true,"href":"https:\/\/homologacao.jalaspa.com.br\/index.php\/wp-json\/wp\/v2\/comments?post=316"}],"wp:featuredmedia":[{"embeddable":true,"href":"https:\/\/homologacao.jalaspa.com.br\/index.php\/wp-json\/wp\/v2\/media\/346"}],"wp:attachment":[{"href":"https:\/\/homologacao.jalaspa.com.br\/index.php\/wp-json\/wp\/v2\/media?parent=316"}],"wp:term":[{"taxonomy":"product_brand","embeddable":true,"href":"https:\/\/homologacao.jalaspa.com.br\/index.php\/wp-json\/wp\/v2\/product_brand?post=316"},{"taxonomy":"product_cat","embeddable":true,"href":"https:\/\/homologacao.jalaspa.com.br\/index.php\/wp-json\/wp\/v2\/product_cat?post=316"},{"taxonomy":"product_tag","embeddable":true,"href":"https:\/\/homologacao.jalaspa.com.br\/index.php\/wp-json\/wp\/v2\/product_tag?post=316"}],"curies":[{"name":"wp","href":"https:\/\/api.w.org\/{rel}","templated":true}]}}