{"id":333,"date":"2025-05-08T15:30:17","date_gmt":"2025-05-08T15:30:17","guid":{"rendered":"https:\/\/homologacao.jalaspa.com.br\/?post_type=product&#038;p=333"},"modified":"2025-08-20T23:50:53","modified_gmt":"2025-08-20T23:50:53","slug":"ritual-da-lua","status":"publish","type":"product","link":"https:\/\/homologacao.jalaspa.com.br\/index.php\/produto\/ritual-da-lua\/","title":{"rendered":"Ritual da Lua"},"content":{"rendered":"<p>Mais do que um momento de autocuidado, este ritual \u00e9 um chamado para pessoas que desejam transformar suas vidas, atravessando fases de transi\u00e7\u00e3o, novos ciclos, anivers\u00e1rios, mudan\u00e7as profissionais ou simplesmente buscando viver com mais fluidez, verdade e presen\u00e7a. Inspirado na sabedoria da lua e conduzido pelos elementos \u00e1gua, fogo, cristais e ervas, ele \u00e9 um rito de passagem que honra o passado e celebra o novo.<\/p>\n<p>A experi\u00eancia come\u00e7a com 30 minutos de imers\u00e3o no elemento \u00e1gua, representado pela banheira de hidromassagem com a pedra \u00e1gua-marinha, s\u00edmbolo de intui\u00e7\u00e3o e fluxo. Nesse momento, voc\u00ea \u00e9 convidada a escolher uma mensagem do Or\u00e1culo da Deusa Afrodite, acender uma vela com uma inten\u00e7\u00e3o, saborear um ch\u00e1 de ervas femininas e permitir que a \u00e1gua leve o que precisa ir, abrindo espa\u00e7o para o novo. \u00c9 um tempo para descansar e se entregar ao processo.<\/p>\n<p>Em seguida, durante 1 hora, a massagem com toque energ\u00e9tico une t\u00e9cnicas relaxantes ao Reiki, despertando leveza, presen\u00e7a e reconex\u00e3o. O toque percorre costas, m\u00e3os, p\u00e9s e ventre para soltar tens\u00f5es e trazer voc\u00ea de volta ao seu centro; o colo e o pesco\u00e7o s\u00e3o trabalhados para abrir o chakra card\u00edaco e liberar o fluxo para a regi\u00e3o lar\u00edngea, estimulando sua verdade e express\u00e3o. Cada movimento carrega uma inten\u00e7\u00e3o clara: aliviar, abrir e energizar.<\/p>\n<p>Para finalizar, dedicamos 30 minutos a um momento chamado \u201cRosto Novo, Nova Pessoa\u201d, que combina massagem facial suave, limpeza e aplica\u00e7\u00e3o de argila org\u00e2nica, escolhida para purificar, revitalizar ou hidratar. <\/p>\n<p>Logo ap\u00f3s isso, temos um momento com \u00e1guas floridas, em um gesto simb\u00f3lico que percorre da testa aos cabelos, celebrando o nascimento da nova mulher. <\/p>\n<p>Como selo final, realizamos uma energiza\u00e7\u00e3o com Reiki na \u00e1rea do corpo que mais necessita de cuidado, marcando com luz e inten\u00e7\u00e3o o in\u00edcio desta nova fase.<\/p>\n<p>\u201cAgende seu Ritual da Lua e celebre um novo ciclo com equil\u00edbrio e presen\u00e7a.<\/p>\n","protected":false},"excerpt":{"rendered":"<p><b>Dura\u00e7\u00e3o:2h &#8211; <\/b><em>Consulte nossas op\u00e7\u00f5es de cestas para tornar esse ritual ainda mais especial Necess\u00e1rio roupa de banho.<\/em><\/p>\n","protected":false},"featured_media":374,"comment_status":"closed","ping_status":"closed","template":"","meta":[],"product_brand":[],"product_cat":[21,44],"product_tag":[],"class_list":{"0":"post-333","1":"product","2":"type-product","3":"status-publish","4":"has-post-thumbnail","6":"product_cat-todos","7":"product_cat-rituais-2","9":"first","10":"instock","11":"sale","12":"taxable","13":"shipping-taxable","14":"purchasable","15":"product-type-simple"},"_links":{"self":[{"href":"https:\/\/homologacao.jalaspa.com.br\/index.php\/wp-json\/wp\/v2\/product\/333","targetHints":{"allow":["GET"]}}],"collection":[{"href":"https:\/\/homologacao.jalaspa.com.br\/index.php\/wp-json\/wp\/v2\/product"}],"about":[{"href":"https:\/\/homologacao.jalaspa.com.br\/index.php\/wp-json\/wp\/v2\/types\/product"}],"replies":[{"embeddable":true,"href":"https:\/\/homologacao.jalaspa.com.br\/index.php\/wp-json\/wp\/v2\/comments?post=333"}],"wp:featuredmedia":[{"embeddable":true,"href":"https:\/\/homologacao.jalaspa.com.br\/index.php\/wp-json\/wp\/v2\/media\/374"}],"wp:attachment":[{"href":"https:\/\/homologacao.jalaspa.com.br\/index.php\/wp-json\/wp\/v2\/media?parent=333"}],"wp:term":[{"taxonomy":"product_brand","embeddable":true,"href":"https:\/\/homologacao.jalaspa.com.br\/index.php\/wp-json\/wp\/v2\/product_brand?post=333"},{"taxonomy":"product_cat","embeddable":true,"href":"https:\/\/homologacao.jalaspa.com.br\/index.php\/wp-json\/wp\/v2\/product_cat?post=333"},{"taxonomy":"product_tag","embeddable":true,"href":"https:\/\/homologacao.jalaspa.com.br\/index.php\/wp-json\/wp\/v2\/product_tag?post=333"}],"curies":[{"name":"wp","href":"https:\/\/api.w.org\/{rel}","templated":true}]}}