{"id":335,"date":"2025-05-08T15:30:17","date_gmt":"2025-05-08T15:30:17","guid":{"rendered":"https:\/\/homologacao.jalaspa.com.br\/?post_type=product&#038;p=335"},"modified":"2025-08-20T23:50:53","modified_gmt":"2025-08-20T23:50:53","slug":"ritual-conexao-por-casal","status":"publish","type":"product","link":"https:\/\/homologacao.jalaspa.com.br\/index.php\/produto\/ritual-conexao-por-casal\/","title":{"rendered":"Ritual Conex\u00e3o (Por Casal)"},"content":{"rendered":"<p>O Ritual Conex\u00e3o \u00e9 uma experi\u00eancia exclusiva para duas pessoas, criada para fortalecer v\u00ednculos e proporcionar momentos de relaxamento e intimidade. <\/p>\n<p>Com dura\u00e7\u00e3o total de 2 horas, a viv\u00eancia come\u00e7a com 30 minutos de sauna seca, preparando o corpo para receber os pr\u00f3ximos cuidados. <\/p>\n<p>Em seguida, o casal desfruta de um banho quente de imers\u00e3o na banheira de hidromassagem, com p\u00e9talas de rosas, sais de banho e espuma italiana, em temperatura entre 36 \u00baC e 38 \u00baC, por mais 30 minutos. <\/p>\n<p>Para finalizar, 60 minutos de massagem em dupla com velas arom\u00e1ticas promovem relaxamento profundo e conex\u00e3o f\u00edsica e emocional. <\/p>\n<p>\u00c9 necess\u00e1rio trazer roupa de banho, e h\u00e1 a op\u00e7\u00e3o de incluir uma cesta especial para tornar a experi\u00eancia ainda mais completa (consulte condi\u00e7\u00f5es).<\/p>\n<p>Agende o Ritual Conex\u00e3o e viva momentos \u00fanicos a dois.<\/p>\n","protected":false},"excerpt":{"rendered":"<p><b>Por casal. <\/b>Op\u00e7\u00e3o de Cesta (consulte). Necess\u00e1rio trazer roupa de banho<\/p>\n","protected":false},"featured_media":5653,"comment_status":"closed","ping_status":"closed","template":"","meta":[],"product_brand":[],"product_cat":[21,44],"product_tag":[],"class_list":{"0":"post-335","1":"product","2":"type-product","3":"status-publish","4":"has-post-thumbnail","6":"product_cat-todos","7":"product_cat-rituais-2","9":"first","10":"instock","11":"sale","12":"taxable","13":"shipping-taxable","14":"purchasable","15":"product-type-simple"},"_links":{"self":[{"href":"https:\/\/homologacao.jalaspa.com.br\/index.php\/wp-json\/wp\/v2\/product\/335","targetHints":{"allow":["GET"]}}],"collection":[{"href":"https:\/\/homologacao.jalaspa.com.br\/index.php\/wp-json\/wp\/v2\/product"}],"about":[{"href":"https:\/\/homologacao.jalaspa.com.br\/index.php\/wp-json\/wp\/v2\/types\/product"}],"replies":[{"embeddable":true,"href":"https:\/\/homologacao.jalaspa.com.br\/index.php\/wp-json\/wp\/v2\/comments?post=335"}],"wp:featuredmedia":[{"embeddable":true,"href":"https:\/\/homologacao.jalaspa.com.br\/index.php\/wp-json\/wp\/v2\/media\/5653"}],"wp:attachment":[{"href":"https:\/\/homologacao.jalaspa.com.br\/index.php\/wp-json\/wp\/v2\/media?parent=335"}],"wp:term":[{"taxonomy":"product_brand","embeddable":true,"href":"https:\/\/homologacao.jalaspa.com.br\/index.php\/wp-json\/wp\/v2\/product_brand?post=335"},{"taxonomy":"product_cat","embeddable":true,"href":"https:\/\/homologacao.jalaspa.com.br\/index.php\/wp-json\/wp\/v2\/product_cat?post=335"},{"taxonomy":"product_tag","embeddable":true,"href":"https:\/\/homologacao.jalaspa.com.br\/index.php\/wp-json\/wp\/v2\/product_tag?post=335"}],"curies":[{"name":"wp","href":"https:\/\/api.w.org\/{rel}","templated":true}]}}