{"id":340,"date":"2025-05-08T15:30:18","date_gmt":"2025-05-08T15:30:18","guid":{"rendered":"https:\/\/homologacao.jalaspa.com.br\/?post_type=product&#038;p=340"},"modified":"2025-11-06T19:32:59","modified_gmt":"2025-11-06T19:32:59","slug":"day-spa-chines-i","status":"publish","type":"product","link":"https:\/\/homologacao.jalaspa.com.br\/index.php\/produto\/day-spa-chines-i\/","title":{"rendered":"Day Spa Chin\u00eas I"},"content":{"rendered":"<p>O Day Spa Chin\u00eas I \u00e9 uma experi\u00eancia completa inspirada nas pr\u00e1ticas milenares da medicina tradicional chinesa, voltada para equilibrar o organismo por meio da circula\u00e7\u00e3o da energia vital, chamada Qi.<\/p>\n<p>Durante o atendimento, t\u00e9cnicas como aplica\u00e7\u00e3o de agulhas, auriculoterapia, massagens e ventosaterapia atuam em pontos espec\u00edficos do corpo para remover bloqueios, promover bem-estar e restaurar a harmonia f\u00edsica e emocional.<\/p>\n<p>Entre os benef\u00edcios est\u00e3o o al\u00edvio de dores, a redu\u00e7\u00e3o do estresse e da ansiedade, o fortalecimento do sistema imunol\u00f3gico, o aumento da energia e vitalidade, o apoio no tratamento de doen\u00e7as cr\u00f4nicas e a acelera\u00e7\u00e3o da recupera\u00e7\u00e3o de les\u00f5es.<br \/>\nCom dura\u00e7\u00e3o total de <strong>2 horas e 10 minuto<\/strong><strong>s, o ritual inclui 10 minutos de <strong>escalda-p\u00e9<\/strong><\/strong>s, 20 minutos de <strong>reflexologia podal<\/strong><strong>, 50 minutos de <strong>acupuntura<\/strong><\/strong>, 10 minutos de <strong>ventosaterapia<\/strong><strong>, 10 minutos de <strong>auriculoterapia<\/strong><\/strong> e 30 minutos de <strong>banho de imers\u00e3o relaxante.<\/strong><strong><br \/>\n\u00c9 necess\u00e1rio trazer roupa de banho.<\/p>\n<p>Tamb\u00e9m \u00e9 poss\u00edvel adicionar uma cesta especial para complementar a experi\u00eancia (consulte op\u00e7\u00f5es).<\/p>\n<p>Experimente o Day Spa Chin\u00eas I: um cuidado integral para corpo e mente.<\/p>\n","protected":false},"excerpt":{"rendered":"<p><b>Por pessoa &#8211; Op\u00e7\u00e3o de cesta (consulte) Necess\u00e1rio trazer roupa de banho.<\/b><\/p>\n","protected":false},"featured_media":5656,"comment_status":"closed","ping_status":"closed","template":"","meta":[],"product_brand":[],"product_cat":[21,44],"product_tag":[],"class_list":{"0":"post-340","1":"product","2":"type-product","3":"status-publish","4":"has-post-thumbnail","6":"product_cat-todos","7":"product_cat-rituais-2","9":"first","10":"instock","11":"sale","12":"taxable","13":"shipping-taxable","14":"purchasable","15":"product-type-simple"},"_links":{"self":[{"href":"https:\/\/homologacao.jalaspa.com.br\/index.php\/wp-json\/wp\/v2\/product\/340","targetHints":{"allow":["GET"]}}],"collection":[{"href":"https:\/\/homologacao.jalaspa.com.br\/index.php\/wp-json\/wp\/v2\/product"}],"about":[{"href":"https:\/\/homologacao.jalaspa.com.br\/index.php\/wp-json\/wp\/v2\/types\/product"}],"replies":[{"embeddable":true,"href":"https:\/\/homologacao.jalaspa.com.br\/index.php\/wp-json\/wp\/v2\/comments?post=340"}],"wp:featuredmedia":[{"embeddable":true,"href":"https:\/\/homologacao.jalaspa.com.br\/index.php\/wp-json\/wp\/v2\/media\/5656"}],"wp:attachment":[{"href":"https:\/\/homologacao.jalaspa.com.br\/index.php\/wp-json\/wp\/v2\/media?parent=340"}],"wp:term":[{"taxonomy":"product_brand","embeddable":true,"href":"https:\/\/homologacao.jalaspa.com.br\/index.php\/wp-json\/wp\/v2\/product_brand?post=340"},{"taxonomy":"product_cat","embeddable":true,"href":"https:\/\/homologacao.jalaspa.com.br\/index.php\/wp-json\/wp\/v2\/product_cat?post=340"},{"taxonomy":"product_tag","embeddable":true,"href":"https:\/\/homologacao.jalaspa.com.br\/index.php\/wp-json\/wp\/v2\/product_tag?post=340"}],"curies":[{"name":"wp","href":"https:\/\/api.w.org\/{rel}","templated":true}]}}