{"id":341,"date":"2025-05-08T15:30:18","date_gmt":"2025-05-08T15:30:18","guid":{"rendered":"https:\/\/homologacao.jalaspa.com.br\/?post_type=product&#038;p=341"},"modified":"2025-11-06T19:33:36","modified_gmt":"2025-11-06T19:33:36","slug":"day-spa-chines-ii","status":"publish","type":"product","link":"https:\/\/homologacao.jalaspa.com.br\/index.php\/produto\/day-spa-chines-ii\/","title":{"rendered":"Day Spa Chin\u00eas II"},"content":{"rendered":"<p>O Day Spa Chin\u00eas II tem como destaque a <strong>Massagem Chinesa,<\/strong><strong> t\u00e9cnica oriental que utiliza manobras de deslizamento e press\u00e3o seguindo os canais energ\u00e9ticos (meridianos) da acupuntura. <\/p>\n<p>Essa abordagem promove o desbloqueio de regi\u00f5es estagnadas, trazendo equil\u00edbrio, bem-estar e al\u00edvio das tens\u00f5es acumuladas. <\/p>\n<p>A experi\u00eancia \u00e9 complementada pela <strong>Auriculoterapia,<\/strong><\/strong> realizada com microesferas de inox fixadas com adesivo discreto e dur\u00e1vel, garantindo efic\u00e1cia sem causar desconforto ou deixar res\u00edduos visuais, um m\u00e9todo moderno, t\u00e9cnico e limpo, diferente das abordagens convencionais.<\/p>\n<p>Entre os principais benef\u00edcios est\u00e3o o al\u00edvio da dor, a redu\u00e7\u00e3o da ansiedade, a melhora da qualidade do sono, o est\u00edmulo ao sistema imunol\u00f3gico e o aumento da energia e vitalidade.<\/p>\n<p>Com dura\u00e7\u00e3o total de <strong>2 horas e 10 minutos, <\/strong><strong>o ritual inclui 10 minutos de<strong> escalda-p\u00e9s,<\/strong><\/strong> 20 minutos de <strong>reflexologia podal,<\/strong><strong> 60 minutos de<strong> massagem chinesa, <\/strong><\/strong>10 minutos de <strong>auriculoterapia<\/strong><strong> e 30 minutos de <strong>banho de imers\u00e3o relaxante. <\/strong><\/strong><\/p>\n<p>\u00c9 necess\u00e1rio trazer roupa de banho. <\/p>\n<p>Tamb\u00e9m \u00e9 poss\u00edvel incluir uma cesta especial para tornar a viv\u00eancia ainda mais completa (consulte op\u00e7\u00f5es).<\/p>\n<p>Reserve sua experi\u00eancia terap\u00eautica e renove corpo e mente.<\/p>\n","protected":false},"excerpt":{"rendered":"<p><b>*Op\u00e7\u00e3o de cesta (consulte). Necess\u00e1rio trazer roupa de banho.<\/b><\/p>\n","protected":false},"featured_media":5657,"comment_status":"closed","ping_status":"closed","template":"","meta":[],"product_brand":[],"product_cat":[21,44],"product_tag":[],"class_list":{"0":"post-341","1":"product","2":"type-product","3":"status-publish","4":"has-post-thumbnail","6":"product_cat-todos","7":"product_cat-rituais-2","9":"first","10":"instock","11":"sale","12":"taxable","13":"shipping-taxable","14":"purchasable","15":"product-type-simple"},"_links":{"self":[{"href":"https:\/\/homologacao.jalaspa.com.br\/index.php\/wp-json\/wp\/v2\/product\/341","targetHints":{"allow":["GET"]}}],"collection":[{"href":"https:\/\/homologacao.jalaspa.com.br\/index.php\/wp-json\/wp\/v2\/product"}],"about":[{"href":"https:\/\/homologacao.jalaspa.com.br\/index.php\/wp-json\/wp\/v2\/types\/product"}],"replies":[{"embeddable":true,"href":"https:\/\/homologacao.jalaspa.com.br\/index.php\/wp-json\/wp\/v2\/comments?post=341"}],"wp:featuredmedia":[{"embeddable":true,"href":"https:\/\/homologacao.jalaspa.com.br\/index.php\/wp-json\/wp\/v2\/media\/5657"}],"wp:attachment":[{"href":"https:\/\/homologacao.jalaspa.com.br\/index.php\/wp-json\/wp\/v2\/media?parent=341"}],"wp:term":[{"taxonomy":"product_brand","embeddable":true,"href":"https:\/\/homologacao.jalaspa.com.br\/index.php\/wp-json\/wp\/v2\/product_brand?post=341"},{"taxonomy":"product_cat","embeddable":true,"href":"https:\/\/homologacao.jalaspa.com.br\/index.php\/wp-json\/wp\/v2\/product_cat?post=341"},{"taxonomy":"product_tag","embeddable":true,"href":"https:\/\/homologacao.jalaspa.com.br\/index.php\/wp-json\/wp\/v2\/product_tag?post=341"}],"curies":[{"name":"wp","href":"https:\/\/api.w.org\/{rel}","templated":true}]}}