{"id":356,"date":"2025-05-08T15:30:41","date_gmt":"2025-05-08T15:30:41","guid":{"rendered":"https:\/\/homologacao.jalaspa.com.br\/?post_type=product&#038;p=356"},"modified":"2025-09-17T17:40:01","modified_gmt":"2025-09-17T17:40:01","slug":"thetahealing","status":"publish","type":"product","link":"https:\/\/homologacao.jalaspa.com.br\/index.php\/produto\/thetahealing\/","title":{"rendered":"ThetaHealing \u00a9"},"content":{"rendered":"<p>O ThetaHealing \u00e9 uma terapia integrativa de cura energ\u00e9tica que atua no n\u00edvel profundo das cren\u00e7as, identificando e transformando padr\u00f5es que podem estar bloqueando diferentes \u00e1reas da sua vida.<\/p>\n<p>Em uma sess\u00e3o de aproximadamente <strong>60 minutos,<\/strong><strong> \u00e9 poss\u00edvel trabalhar o desbloqueio emocional, promover mudan\u00e7as positivas na forma de pensar e impulsionar o desenvolvimento pessoal, profissional e espiritual.<\/p>\n<p>Essa t\u00e9cnica proporciona mais clareza, leveza e alinhamento, permitindo que voc\u00ea viva com maior equil\u00edbrio e consci\u00eancia.<\/p>\n<p>Agende sua sess\u00e3o e permita-se experimentar uma transforma\u00e7\u00e3o real e duradoura.<\/strong><\/p>\n","protected":false},"excerpt":{"rendered":"<p><b>Dura\u00e7\u00e3o: 60 min<\/b><\/p>\n","protected":false},"featured_media":5765,"comment_status":"closed","ping_status":"closed","template":"","meta":[],"product_brand":[],"product_cat":[21,45],"product_tag":[],"class_list":{"0":"post-356","1":"product","2":"type-product","3":"status-publish","4":"has-post-thumbnail","6":"product_cat-todos","7":"product_cat-terapias-2","9":"first","10":"instock","11":"taxable","12":"shipping-taxable","13":"purchasable","14":"product-type-simple"},"_links":{"self":[{"href":"https:\/\/homologacao.jalaspa.com.br\/index.php\/wp-json\/wp\/v2\/product\/356","targetHints":{"allow":["GET"]}}],"collection":[{"href":"https:\/\/homologacao.jalaspa.com.br\/index.php\/wp-json\/wp\/v2\/product"}],"about":[{"href":"https:\/\/homologacao.jalaspa.com.br\/index.php\/wp-json\/wp\/v2\/types\/product"}],"replies":[{"embeddable":true,"href":"https:\/\/homologacao.jalaspa.com.br\/index.php\/wp-json\/wp\/v2\/comments?post=356"}],"wp:featuredmedia":[{"embeddable":true,"href":"https:\/\/homologacao.jalaspa.com.br\/index.php\/wp-json\/wp\/v2\/media\/5765"}],"wp:attachment":[{"href":"https:\/\/homologacao.jalaspa.com.br\/index.php\/wp-json\/wp\/v2\/media?parent=356"}],"wp:term":[{"taxonomy":"product_brand","embeddable":true,"href":"https:\/\/homologacao.jalaspa.com.br\/index.php\/wp-json\/wp\/v2\/product_brand?post=356"},{"taxonomy":"product_cat","embeddable":true,"href":"https:\/\/homologacao.jalaspa.com.br\/index.php\/wp-json\/wp\/v2\/product_cat?post=356"},{"taxonomy":"product_tag","embeddable":true,"href":"https:\/\/homologacao.jalaspa.com.br\/index.php\/wp-json\/wp\/v2\/product_tag?post=356"}],"curies":[{"name":"wp","href":"https:\/\/api.w.org\/{rel}","templated":true}]}}