{"id":359,"date":"2025-05-08T15:30:41","date_gmt":"2025-05-08T15:30:41","guid":{"rendered":"https:\/\/homologacao.jalaspa.com.br\/?post_type=product&#038;p=359"},"modified":"2025-08-20T23:54:24","modified_gmt":"2025-08-20T23:54:24","slug":"barras-de-access","status":"publish","type":"product","link":"https:\/\/homologacao.jalaspa.com.br\/index.php\/produto\/barras-de-access\/","title":{"rendered":"Alinhamento energ\u00e9tico + Barras de access"},"content":{"rendered":"<p>O Alinhamento Energ\u00e9tico com Barras de Access \u00e9 um atendimento individual na maca que integra t\u00e9cnicas voltadas para reequilibrar o sistema nervoso, energ\u00e9tico e emocional. <\/p>\n<p>Indicado para momentos de cansa\u00e7o extremo, ansiedade, mente acelerada ou sensa\u00e7\u00e3o de estar \u201cfora do eixo\u201d, ele ajuda a reduzir a sobrecarga mental, trazer clareza e restaurar a sensa\u00e7\u00e3o de paz interior, sem que seja necess\u00e1rio compreender conceitos de espiritualidade ou energia para sentir os resultados.<\/p>\n<p>Durante a sess\u00e3o, pontos espec\u00edficos s\u00e3o estimulados para liberar bloqueios, reorganizar padr\u00f5es e promover um estado de leveza e foco. <\/p>\n<p>\u00c9 um \u201creset\u201d no corpo e na mente, que impacta positivamente a forma como voc\u00ea vive, trabalha e se relaciona.<\/p>\n<p>Com dura\u00e7\u00e3o de <strong>60 minutos,<\/strong><strong> \u00e9 ideal para quem vive sob press\u00e3o, enfrenta dificuldade para dormir, sente irritabilidade frequente ou a sensa\u00e7\u00e3o de estar sempre correndo sem encontrar equil\u00edbrio.<\/p>\n<p>Agende sua sess\u00e3o e permita-se experimentar um estado de clareza, equil\u00edbrio e leveza que vai al\u00e9m do relaxamento comum.<\/p>\n","protected":false},"excerpt":{"rendered":"<p><b>Dura\u00e7\u00e3o: 60 min<\/b><\/p>\n","protected":false},"featured_media":5665,"comment_status":"closed","ping_status":"closed","template":"","meta":[],"product_brand":[],"product_cat":[21,45],"product_tag":[],"class_list":{"0":"post-359","1":"product","2":"type-product","3":"status-publish","4":"has-post-thumbnail","6":"product_cat-todos","7":"product_cat-terapias-2","9":"first","10":"instock","11":"taxable","12":"shipping-taxable","13":"purchasable","14":"product-type-simple"},"_links":{"self":[{"href":"https:\/\/homologacao.jalaspa.com.br\/index.php\/wp-json\/wp\/v2\/product\/359","targetHints":{"allow":["GET"]}}],"collection":[{"href":"https:\/\/homologacao.jalaspa.com.br\/index.php\/wp-json\/wp\/v2\/product"}],"about":[{"href":"https:\/\/homologacao.jalaspa.com.br\/index.php\/wp-json\/wp\/v2\/types\/product"}],"replies":[{"embeddable":true,"href":"https:\/\/homologacao.jalaspa.com.br\/index.php\/wp-json\/wp\/v2\/comments?post=359"}],"wp:featuredmedia":[{"embeddable":true,"href":"https:\/\/homologacao.jalaspa.com.br\/index.php\/wp-json\/wp\/v2\/media\/5665"}],"wp:attachment":[{"href":"https:\/\/homologacao.jalaspa.com.br\/index.php\/wp-json\/wp\/v2\/media?parent=359"}],"wp:term":[{"taxonomy":"product_brand","embeddable":true,"href":"https:\/\/homologacao.jalaspa.com.br\/index.php\/wp-json\/wp\/v2\/product_brand?post=359"},{"taxonomy":"product_cat","embeddable":true,"href":"https:\/\/homologacao.jalaspa.com.br\/index.php\/wp-json\/wp\/v2\/product_cat?post=359"},{"taxonomy":"product_tag","embeddable":true,"href":"https:\/\/homologacao.jalaspa.com.br\/index.php\/wp-json\/wp\/v2\/product_tag?post=359"}],"curies":[{"name":"wp","href":"https:\/\/api.w.org\/{rel}","templated":true}]}}